{"id":9598,"date":"2025-01-08T11:33:41","date_gmt":"2025-01-08T10:33:41","guid":{"rendered":"https:\/\/www.bearnmadiran-tourisme.fr\/stay\/"},"modified":"2026-04-30T14:24:13","modified_gmt":"2026-04-30T12:24:13","slug":"stay","status":"publish","type":"page","link":"https:\/\/www.bearnmadiran-tourisme.fr\/en\/stay\/","title":{"rendered":"Stay"},"content":{"rendered":"\n<div class=\"wp-block-columns is-layout-flex wp-container-core-columns-is-layout-9d6595d7 wp-block-columns-is-layout-flex\">\n<div class=\"wp-block-column is-layout-flow wp-block-column-is-layout-flow\" style=\"flex-basis:40%\"><div class=\"highlight-bloc-container \" id=\"ts-block-67a0ed26bed34\"  >\n\t<div class=\"highlight-bloc-content\">\n\t\t<div class=\"acf-innerblocks-container\">\n\n<h2 class=\"wp-block-heading suptitle\"><strong>Looking for a getaway in the B\u00e9arn countryside?<\/strong><\/h2>\n\n<\/div>\t<\/div>\n<\/div>\n<\/div>\n\n\n\n<div class=\"wp-block-column is-layout-flow wp-block-column-is-layout-flow\" style=\"flex-basis:60%\">\n<p>Set down your suitcases in Coteaux B\u00e9arn Madiran! Cosy hotels, warm and welcoming g\u00eetes, charming chambres d&#8217;h\u00f4tes, nature campsites or unusual accommodation&#8230; There&#8217;s something for everyone, including pilgrims to Santiago de Compostela. <\/p>\n\n\n\n<p>Just a stone&#8217;s throw from Pau, between vineyards, hillsides and the backdrop of the Pyrenees, our region is the ideal starting point for exploring the South-West: Basque country, Gers, Landes, Lourdes, Marciac&#8230;<\/p>\n\n\n\n<p>Add to that festivals, local flavors and a host of outdoor activities, and it&#8217;s easy to see why we keep coming back.<\/p>\n\n\n\n<p>So, when are you coming?<\/p>\n<\/div>\n<\/div>\n","protected":false},"excerpt":{"rendered":"<p>Set down your suitcases in Coteaux B\u00e9arn Madiran! Cosy hotels, warm and welcoming g\u00eetes, charming chambres d&#8217;h\u00f4tes, nature campsites or unusual accommodation&#8230; There&#8217;s something for everyone, including pilgrims to Santiago de Compostela. Just a stone&#8217;s throw from Pau, between vineyards, hillsides and the backdrop of the Pyrenees, our region is [&hellip;]<\/p>\n","protected":false},"author":1,"featured_media":2665,"parent":0,"menu_order":0,"comment_status":"closed","ping_status":"closed","template":"","meta":{"_acf_changed":false,"_seopress_robots_primary_cat":"","_seopress_titles_title":"","_seopress_titles_desc":"","_seopress_robots_index":"","pgc_sgb_lightbox_settings":"","footnotes":""},"class_list":["post-9598","page","type-page","status-publish","has-post-thumbnail","hentry"],"acf":[],"_links":{"self":[{"href":"https:\/\/www.bearnmadiran-tourisme.fr\/en\/wp-json\/wp\/v2\/pages\/9598","targetHints":{"allow":["GET"]}}],"collection":[{"href":"https:\/\/www.bearnmadiran-tourisme.fr\/en\/wp-json\/wp\/v2\/pages"}],"about":[{"href":"https:\/\/www.bearnmadiran-tourisme.fr\/en\/wp-json\/wp\/v2\/types\/page"}],"author":[{"embeddable":true,"href":"https:\/\/www.bearnmadiran-tourisme.fr\/en\/wp-json\/wp\/v2\/users\/1"}],"replies":[{"embeddable":true,"href":"https:\/\/www.bearnmadiran-tourisme.fr\/en\/wp-json\/wp\/v2\/comments?post=9598"}],"version-history":[{"count":2,"href":"https:\/\/www.bearnmadiran-tourisme.fr\/en\/wp-json\/wp\/v2\/pages\/9598\/revisions"}],"predecessor-version":[{"id":9600,"href":"https:\/\/www.bearnmadiran-tourisme.fr\/en\/wp-json\/wp\/v2\/pages\/9598\/revisions\/9600"}],"wp:featuredmedia":[{"embeddable":true,"href":"https:\/\/www.bearnmadiran-tourisme.fr\/en\/wp-json\/wp\/v2\/media\/2665"}],"wp:attachment":[{"href":"https:\/\/www.bearnmadiran-tourisme.fr\/en\/wp-json\/wp\/v2\/media?parent=9598"}],"curies":[{"name":"wp","href":"https:\/\/api.w.org\/{rel}","templated":true}]}}