{"id":9611,"date":"2025-04-28T10:52:27","date_gmt":"2025-04-28T08:52:27","guid":{"rendered":"https:\/\/www.bearnmadiran-tourisme.fr\/business-tourism-receptions\/"},"modified":"2026-04-30T14:29:27","modified_gmt":"2026-04-30T12:29:27","slug":"business-tourism-receptions","status":"publish","type":"page","link":"https:\/\/www.bearnmadiran-tourisme.fr\/en\/business-tourism-receptions\/","title":{"rendered":"Business tourism &amp; Receptions"},"content":{"rendered":"\n<div class=\"wp-block-columns is-layout-flex wp-container-core-columns-is-layout-9d6595d7 wp-block-columns-is-layout-flex\">\n<div class=\"wp-block-column is-layout-flow wp-block-column-is-layout-flow\" style=\"flex-basis:40%\"><div class=\"highlight-bloc-container \" id=\"ts-block-67a0ed26bed34\"  >\n\t<div class=\"highlight-bloc-content\">\n\t\t<div class=\"acf-innerblocks-container\">\n\n<h2 class=\"wp-block-heading suptitle\">A unique setting for your events<\/h2>\n\n<\/div>\t<\/div>\n<\/div>\n<\/div>\n\n\n\n<div class=\"wp-block-column is-layout-flow wp-block-column-is-layout-flow\" style=\"flex-basis:60%\">\n<p>Surprise your guests by organizing your business meetings, seminars, training courses, family events (weddings, communions, christenings, birthdays&#8230;) or professional events (company anniversaries, end-of-year galas&#8230;) in a winery, ch\u00e2teau, restaurant or accommodation!<\/p>\n\n\n\n<p>Combine work, relaxation and discovery by adding activities: wine tasting, a visit to the winery, an escape game in a barrel cellar&#8230;<\/p>\n<\/div>\n<\/div>\n\n<div class=\"wp-block-columns is-layout-flex wp-container-core-columns-is-layout-9d6595d7 wp-block-columns-is-layout-flex\">\n<div class=\"wp-block-column is-layout-flow wp-block-column-is-layout-flow\"><div class=\"banner-container  text-shadow with-overlay btn-hover img-zoom\" id=\"ts-block-651529de6e30e\"  >\r\n\t\t<a href=\"https:\/\/www.bearnmadiran-tourisme.fr\/locations-de-salles\/\" target=\"\">\r\n\t\t\t<div class=\"banner-content\">\n\n<div class=\"wp-block-cover has-custom-content-position is-position-top-left\" style=\"min-height:300px;aspect-ratio:unset;\"><img decoding=\"async\" width=\"1024\" height=\"682\" class=\"wp-block-cover__image-background wp-image-6798 size-large\" alt=\"\" src=\"https:\/\/www.bearnmadiran-tourisme.fr\/wp-content\/uploads\/2025\/06\/1-carre-pau-a.-hotel-salle-reunion-2-1024x682.jpg\" data-object-fit=\"cover\" srcset=\"https:\/\/www.bearnmadiran-tourisme.fr\/wp-content\/uploads\/2025\/06\/1-carre-pau-a.-hotel-salle-reunion-2-1024x682.jpg 1024w, https:\/\/www.bearnmadiran-tourisme.fr\/wp-content\/uploads\/2025\/06\/1-carre-pau-a.-hotel-salle-reunion-2-800x533.jpg 800w, https:\/\/www.bearnmadiran-tourisme.fr\/wp-content\/uploads\/2025\/06\/1-carre-pau-a.-hotel-salle-reunion-2-300x200.jpg 300w, https:\/\/www.bearnmadiran-tourisme.fr\/wp-content\/uploads\/2025\/06\/1-carre-pau-a.-hotel-salle-reunion-2-768x512.jpg 768w, https:\/\/www.bearnmadiran-tourisme.fr\/wp-content\/uploads\/2025\/06\/1-carre-pau-a.-hotel-salle-reunion-2-1536x1024.jpg 1536w, https:\/\/www.bearnmadiran-tourisme.fr\/wp-content\/uploads\/2025\/06\/1-carre-pau-a.-hotel-salle-reunion-2.jpg 2000w\" sizes=\"(max-width: 1024px) 100vw, 1024px\" \/><span aria-hidden=\"true\" class=\"wp-block-cover__background has-background-dim\"><\/span><div class=\"wp-block-cover__inner-container is-layout-flow wp-block-cover-is-layout-flow\">\n<h3 class=\"wp-block-heading has-white-color has-text-color\"><strong>Hall rentals<\/strong><\/h3>\n\n\n\n<p><\/p>\n\n\n<\/div><\/div>\n\n<\/div>\t\t\t\t\t<div class=\"wp-block-button\">\r\n\t\t\t<button class=\"wp-block-button__link\">Discover<\/button>\r\n\t\t<\/div>\r\n\t\t\t<\/a>\r\n\t\t<\/div>\r\n<\/div>\n\n\n\n<div class=\"wp-block-column is-layout-flow wp-block-column-is-layout-flow\">\n<div class=\"wp-block-columns mb-0 is-layout-flex wp-container-core-columns-is-layout-9d6595d7 wp-block-columns-is-layout-flex\">\n<div class=\"wp-block-column is-layout-flow wp-block-column-is-layout-flow\"><div class=\"banner-container  text-shadow with-overlay btn-hover img-zoom\" id=\"ts-block-651529de6e3e1\"  >\r\n\t\t<a href=\"https:\/\/www.bearnmadiran-tourisme.fr\/activites-de-cohesion-dequipe\/\" target=\"\">\r\n\t\t\t<div class=\"banner-content\">\n\n<div class=\"wp-block-cover has-custom-content-position is-position-top-left\" style=\"min-height:300px;aspect-ratio:unset;\"><img decoding=\"async\" width=\"1024\" height=\"902\" class=\"wp-block-cover__image-background wp-image-6802 size-large\" alt=\"\" src=\"https:\/\/www.bearnmadiran-tourisme.fr\/wp-content\/uploads\/2025\/06\/crouseilles-escape-game-chateau-credit-23-01-20-1024x902.jpg\" data-object-fit=\"cover\" srcset=\"https:\/\/www.bearnmadiran-tourisme.fr\/wp-content\/uploads\/2025\/06\/crouseilles-escape-game-chateau-credit-23-01-20-1024x902.jpg 1024w, https:\/\/www.bearnmadiran-tourisme.fr\/wp-content\/uploads\/2025\/06\/crouseilles-escape-game-chateau-credit-23-01-20-681x600.jpg 681w, https:\/\/www.bearnmadiran-tourisme.fr\/wp-content\/uploads\/2025\/06\/crouseilles-escape-game-chateau-credit-23-01-20-300x264.jpg 300w, https:\/\/www.bearnmadiran-tourisme.fr\/wp-content\/uploads\/2025\/06\/crouseilles-escape-game-chateau-credit-23-01-20-768x677.jpg 768w, https:\/\/www.bearnmadiran-tourisme.fr\/wp-content\/uploads\/2025\/06\/crouseilles-escape-game-chateau-credit-23-01-20-1536x1353.jpg 1536w, https:\/\/www.bearnmadiran-tourisme.fr\/wp-content\/uploads\/2025\/06\/crouseilles-escape-game-chateau-credit-23-01-20.jpg 2000w\" sizes=\"(max-width: 1024px) 100vw, 1024px\" \/><span aria-hidden=\"true\" class=\"wp-block-cover__background has-background-dim\"><\/span><div class=\"wp-block-cover__inner-container is-layout-flow wp-block-cover-is-layout-flow\">\n<h3 class=\"wp-block-heading\">Team-building activities<\/h3>\n\n\n\n<p><\/p>\n\n\n<\/div><\/div>\n\n<\/div>\t\t\t\t\t<div class=\"wp-block-button\">\r\n\t\t\t<button class=\"wp-block-button__link\">Discover<\/button>\r\n\t\t<\/div>\r\n\t\t\t<\/a>\r\n\t\t<\/div>\r\n<\/div>\n<\/div>\n<\/div>\n<\/div>\n","protected":false},"excerpt":{"rendered":"<p>Surprise your guests by organizing your business meetings, seminars, training courses, family events (weddings, communions, christenings, birthdays&#8230;) or professional events (company anniversaries, end-of-year galas&#8230;) in a winery, ch\u00e2teau, restaurant or accommodation! Combine work, relaxation and discovery by adding activities: wine tasting, a visit to the winery, an escape game in [&hellip;]<\/p>\n","protected":false},"author":2,"featured_media":6795,"parent":0,"menu_order":0,"comment_status":"closed","ping_status":"closed","template":"","meta":{"_acf_changed":false,"_seopress_robots_primary_cat":"","_seopress_titles_title":"Business tourism receptions - Coteaux B\u00e9arn Madiran","_seopress_titles_desc":"Business tourism and receptions in Coteaux B\u00e9arn Madiran: seminars, meetings, weddings and events at wineries, ch\u00e2teaux... Team building...","_seopress_robots_index":"","pgc_sgb_lightbox_settings":"","footnotes":""},"class_list":["post-9611","page","type-page","status-publish","has-post-thumbnail","hentry"],"acf":[],"_links":{"self":[{"href":"https:\/\/www.bearnmadiran-tourisme.fr\/en\/wp-json\/wp\/v2\/pages\/9611","targetHints":{"allow":["GET"]}}],"collection":[{"href":"https:\/\/www.bearnmadiran-tourisme.fr\/en\/wp-json\/wp\/v2\/pages"}],"about":[{"href":"https:\/\/www.bearnmadiran-tourisme.fr\/en\/wp-json\/wp\/v2\/types\/page"}],"author":[{"embeddable":true,"href":"https:\/\/www.bearnmadiran-tourisme.fr\/en\/wp-json\/wp\/v2\/users\/2"}],"replies":[{"embeddable":true,"href":"https:\/\/www.bearnmadiran-tourisme.fr\/en\/wp-json\/wp\/v2\/comments?post=9611"}],"version-history":[{"count":2,"href":"https:\/\/www.bearnmadiran-tourisme.fr\/en\/wp-json\/wp\/v2\/pages\/9611\/revisions"}],"predecessor-version":[{"id":9613,"href":"https:\/\/www.bearnmadiran-tourisme.fr\/en\/wp-json\/wp\/v2\/pages\/9611\/revisions\/9613"}],"wp:featuredmedia":[{"embeddable":true,"href":"https:\/\/www.bearnmadiran-tourisme.fr\/en\/wp-json\/wp\/v2\/media\/6795"}],"wp:attachment":[{"href":"https:\/\/www.bearnmadiran-tourisme.fr\/en\/wp-json\/wp\/v2\/media?parent=9611"}],"curies":[{"name":"wp","href":"https:\/\/api.w.org\/{rel}","templated":true}]}}